{"id":16794,"date":"2022-03-25T09:34:06","date_gmt":"2022-03-25T08:34:06","guid":{"rendered":"https:\/\/oliviacompany.wpenginepowered.com\/hjem\/"},"modified":"2024-05-13T10:54:21","modified_gmt":"2024-05-13T08:54:21","slug":"hjem","status":"publish","type":"page","link":"https:\/\/olivia.company\/sv\/","title":{"rendered":"Hem"},"content":{"rendered":"\n<h2>\n\t\tUpplev v\u00e5ra m\u00f6tesrum\n\t<\/h2>\n<h2>\n\t\tVarf\u00f6r inte ta n\u00e4sta m\u00f6te utanf\u00f6r kontorets fyra (vita) v\u00e4ggar?\n\t<\/h2>\n<h2>\n\t\tPer person 325:-\n\t<\/h2>\n<h2>\n\t\tFrukostpaket\n\t<\/h2>\n\t<strong>08:00-11:00<br \/>\nHela restaurangen eller privat m\u00f6tesrum<\/strong>\n<p>Vad s\u00e4gs om att b\u00f6rja dagen med ett frukostm\u00f6te hos oss? Vi har satt ihop ett paket som ger dig en trevlig start p\u00e5 dagen. V\u00e4lj mellan at boka hela restaurangen innan v\u00e5ra ordinarie \u00f6ppettider, eller att sitta i ett separat m\u00f6tesrum.<\/p>\n<img decoding=\"async\" src=\"https:\/\/olivia.company\/wp-content\/uploads\/2022\/06\/listicon.png\" width=\"8px\" height=\"8px\" \/>\u00a0Kaffe\/te\/isvatten<br \/>\n<img decoding=\"async\" src=\"https:\/\/olivia.company\/wp-content\/uploads\/2022\/06\/listicon.png\" width=\"8px\" height=\"8px\" \/>\u00a0F\u00e4rsk frukt och croissanter<br \/>\n<img decoding=\"async\" src=\"https:\/\/olivia.company\/wp-content\/uploads\/2022\/06\/listicon.png\" width=\"8px\" height=\"8px\" \/>\u00a0Antipasti &#8211; italienskt sm\u00e5plock<br \/>\n<img decoding=\"async\" src=\"https:\/\/olivia.company\/wp-content\/uploads\/2022\/06\/listicon.png\" width=\"8px\" height=\"8px\" \/>\u00a0Anteckningsb\u00f6cker och pennor<br \/>\n<img decoding=\"async\" src=\"https:\/\/olivia.company\/wp-content\/uploads\/2022\/06\/listicon.png\" width=\"8px\" height=\"8px\" \/>\u00a0AV-utrustning\n\t\t\t<a href=\"\" target=\"_self\" rel=\"noopener\">\n\t\t\t\t\t\t\tSkicka bokningsf\u00f6rfr\u00e5gan\n\t\t\t\t\t<\/a>\n\t\t\t<a href=\"https:\/\/olivia.company\/sv\/motepakke\/se-frukostpaket\/\" target=\"_self\" rel=\"noopener\">\n\t\t\t\t\t\t\tL\u00e4s mer\n\t\t\t\t\t<\/a>\n<h2>\n\t\tPer person 399:-\n\t<\/h2>\n<h2>\n\t\tHalvdagspaket\n\t<\/h2>\n\t<strong>4 timmar<br \/>\nPrivat m\u00f6tesrum<\/strong>\n<p>Ett paket som passar dig som \u00f6nskar sitta en halv arbetsdag, oavsett tid. Du f\u00e5r m\u00f6tesrummet f\u00f6r dig sj\u00e4lv i 4 timmar.<\/p>\n<img decoding=\"async\" src=\"https:\/\/olivia.company\/wp-content\/uploads\/2022\/06\/listicon.png\" width=\"8px\" height=\"8px\" \/>\u00a0Kaffe\/te\/isvatten<br \/>\n<img decoding=\"async\" src=\"https:\/\/olivia.company\/wp-content\/uploads\/2022\/06\/listicon.png\" width=\"8px\" height=\"8px\" \/>\u00a0F\u00e4rsk frukt och croissanter<br \/>\n<img decoding=\"async\" src=\"https:\/\/olivia.company\/wp-content\/uploads\/2022\/06\/listicon.png\" width=\"8px\" height=\"8px\" \/>\u00a0Pasta, pizza eller sallad till lunch samt dessert<br \/>\n<img decoding=\"async\" src=\"https:\/\/olivia.company\/wp-content\/uploads\/2022\/06\/listicon.png\" width=\"8px\" height=\"8px\" \/>\u00a0Anteckningsb\u00f6cker och pennor<br \/>\n<img decoding=\"async\" src=\"https:\/\/olivia.company\/wp-content\/uploads\/2022\/06\/listicon.png\" width=\"8px\" height=\"8px\" \/>\u00a0AV-utrustning\n\t\t\t<a href=\"\" target=\"_self\" rel=\"noopener\">\n\t\t\t\t\t\t\tSkicka bokningsf\u00f6rfr\u00e5gan\n\t\t\t\t\t<\/a>\n\t\t\t<a href=\"https:\/\/olivia.company\/sv\/motepakke\/se-halvdagspaket\/\" target=\"_self\" rel=\"noopener\">\n\t\t\t\t\t\t\tL\u00e4s mer\n\t\t\t\t\t<\/a>\n<h2>\n\t\tPer person 499:-\n\t<\/h2>\n<h2>\n\t\tHeldagspaket\n\t<\/h2>\n\t<strong>10:00-16:00<br \/>\nPrivat m\u00f6tesrum<\/strong>\n<p>Ett paket f\u00f6r dig som vill sitta en hel dag, fr\u00e5n morgon till eftermiddag. Du f\u00e5r m\u00f6tesrummet f\u00f6r dig sj\u00e4lv i sex timmar.<\/p>\n<img decoding=\"async\" src=\"https:\/\/olivia.company\/wp-content\/uploads\/2022\/06\/listicon.png\" width=\"8px\" height=\"8px\" \/>\u00a0Kaffe\/te\/isvatten<br \/>\n<img decoding=\"async\" src=\"https:\/\/olivia.company\/wp-content\/uploads\/2022\/06\/listicon.png\" width=\"8px\" height=\"8px\" \/>\u00a0F\u00e4rsk frukt och croissanter<br \/>\n<img decoding=\"async\" src=\"https:\/\/olivia.company\/wp-content\/uploads\/2022\/06\/listicon.png\" width=\"8px\" height=\"8px\" \/>\u00a0Pasta, pizza eller sallad till lunch samt dessert<br \/>\n<img decoding=\"async\" src=\"https:\/\/olivia.company\/wp-content\/uploads\/2022\/06\/listicon.png\" width=\"8px\" height=\"8px\" \/>\u00a0Anteckningsb\u00f6cker och pennor<br \/>\n<img decoding=\"async\" src=\"https:\/\/olivia.company\/wp-content\/uploads\/2022\/06\/listicon.png\" width=\"8px\" height=\"8px\" \/>\u00a0AV-utrustning\n\t\t\t<a href=\"\" target=\"_self\" rel=\"noopener\">\n\t\t\t\t\t\t\tSkicka bokningsf\u00f6rfr\u00e5gan\n\t\t\t\t\t<\/a>\n\t\t\t<a href=\"https:\/\/olivia.company\/sv\/motepakke\/se-heldagspaket\/\" target=\"_self\" rel=\"noopener\">\n\t\t\t\t\t\t\tL\u00e4s mer\n\t\t\t\t\t<\/a>\n<h2>\n\t\tEn m\u00f6tesplats ut\u00f6ver det vanliga\n\t<\/h2>\n<h2>\n\t\tH\u00e4r finns vi\n\t<\/h2>\n\t<p>Hos oss f\u00e5r du den varma atmosf\u00e4ren, skr\u00e4ddarsydd service och god mat och dryck.\u00a0 Varf\u00f6r inte ta n\u00e4sta m\u00f6te utanf\u00f6r kontorets fyra (vita) v\u00e4ggar?<\/p>\n\t\n\t\t\t\t<img loading=\"lazy\" decoding=\"async\" src=\"https:\/\/olivia.company\/wp-content\/uploads\/2022\/06\/DSC07822-2-2500x1983.jpg\" alt=\"Olivias ansatte. Foto.\" itemprop=\"image\" height=\"1983\" width=\"2500\" title=\"Ansatte.\" onerror=\"this.style.display='none'\"  \/>\n<h2>\n\t\tFunderar du p\u00e5 n\u00e5got?\n\t<\/h2>\n<h2>\n\t\tKontakta oss\n\t<\/h2>\n\t<p>Vi vet att det kan vara b\u00e5de tidskr\u00e4vande och sv\u00e5rt att planera ett event. Kontakta oss via mejl eller telefon s\u00e5 hj\u00e4lper vi dig.<\/p>\n\t\t\t<a href=\"tel:23115470\" target=\"_self\" rel=\"noopener\">\n\t\t\t\t\t\t\tRing\n\t\t\t\t\t<\/a>\n\t\t\t<a href=\"mailto:company@olivia.no\" target=\"_self\" rel=\"noopener\">\n\t\t\t\t\t\t\tMejla\n\t\t\t\t\t<\/a>\n\n","protected":false},"excerpt":{"rendered":"<p>Upplev v\u00e5ra m\u00f6tesrum Varf\u00f6r inte ta n\u00e4sta m\u00f6te utanf\u00f6r kontorets fyra (vita) v\u00e4ggar? Per person 325:- Frukostpaket 08:00-11:00 Hela restaurangen eller privat m\u00f6tesrum Vad s\u00e4gs om att b\u00f6rja dagen med ett frukostm\u00f6te hos oss? Vi har satt ihop ett paket som ger dig en trevlig start p\u00e5 dagen. V\u00e4lj mellan at boka hela restaurangen innan&hellip;<\/p>\n","protected":false},"author":1,"featured_media":16433,"parent":0,"menu_order":0,"comment_status":"closed","ping_status":"closed","template":"","meta":{"_acf_changed":false,"inline_featured_image":false,"footnotes":""},"class_list":["post-16794","page","type-page","status-publish","has-post-thumbnail","hentry"],"acf":[],"_links":{"self":[{"href":"https:\/\/olivia.company\/sv\/wp-json\/wp\/v2\/pages\/16794","targetHints":{"allow":["GET"]}}],"collection":[{"href":"https:\/\/olivia.company\/sv\/wp-json\/wp\/v2\/pages"}],"about":[{"href":"https:\/\/olivia.company\/sv\/wp-json\/wp\/v2\/types\/page"}],"author":[{"embeddable":true,"href":"https:\/\/olivia.company\/sv\/wp-json\/wp\/v2\/users\/1"}],"replies":[{"embeddable":true,"href":"https:\/\/olivia.company\/sv\/wp-json\/wp\/v2\/comments?post=16794"}],"version-history":[{"count":0,"href":"https:\/\/olivia.company\/sv\/wp-json\/wp\/v2\/pages\/16794\/revisions"}],"wp:featuredmedia":[{"embeddable":true,"href":"https:\/\/olivia.company\/sv\/wp-json\/wp\/v2\/media\/16433"}],"wp:attachment":[{"href":"https:\/\/olivia.company\/sv\/wp-json\/wp\/v2\/media?parent=16794"}],"curies":[{"name":"wp","href":"https:\/\/api.w.org\/{rel}","templated":true}]}}