{"id":16788,"date":"2022-06-21T11:22:34","date_gmt":"2022-06-21T09:22:34","guid":{"rendered":"https:\/\/oliviacompany.wpenginepowered.com\/om-oss\/"},"modified":"2023-09-05T19:52:55","modified_gmt":"2023-09-05T17:52:55","slug":"om-oss","status":"publish","type":"page","link":"https:\/\/olivia.company\/sv\/om-oss\/","title":{"rendered":"Om oss"},"content":{"rendered":"\r\n<h2>Vilka \u00e4r vi?<\/h2>\r\n<h2>olivia company<\/h2>\r\n<h2>&#8230;S\u00e5 n\u00e4ra Italien du kan komma<\/h2>\r\n<p>\u00c5r 2006 \u00f6ppnade den f\u00f6rsta Olivia-restaurangen p\u00e5 Aker Brygge i Oslo, men v\u00e5r historia g\u00e5r ytterligare n\u00e5gra \u00e5r tillbaka i tiden&#8230;<\/p>\r\n<p>Anne Koppang, Gry Holm och Kristin Gjelseth, eller \u00abde tre damerna\u00bb som de kommit att kallas hos oss, \u00f6nskade sig en italienare i familjen &#8211; g\u00e4rna en moster Olivia fr\u00e5n Piemonte. Eftersom ingen av dem hade italiensk sl\u00e4kt kom de fram till att det n\u00e4st b\u00e4sta vore att \u00f6ppna en italiensk restaurang. Sagt och gjort; restaurangen \u00f6ppnades, och visade sig komma att bli precis vad de \u00f6nskat sig fr\u00e5n b\u00f6rjan: en italiensk familj.<\/p>\r\n<p>Sedan 2006 har det h\u00e4nt mycket sp\u00e4nnande inom Olivia. Vi har \u00f6ppnat flera restauranger runtom i Norge, Sverige och Finland.<\/p>\r\n<p>Flera av restaurangerna har privata rum, eller chambre s\u00e9par\u00e9es, som passar perfekt n\u00e4r man tr\u00f6ttnat p\u00e5 att h\u00e5lla sina m\u00f6ten i kalla, vita m\u00f6tesrum.<\/p>\r\n<p>De olika rummen har olika faciliteter som ger varje plats unika egenskaper. Vi erbjuder kompletta arrangemang f\u00f6r m\u00f6ten och seminarier, och upplevelser som pizzakurser och vinprovningar om du vill kombinera m\u00f6tesverksamhet med aktiviteter. Kanske \u00e4r det ett bra s\u00e4tt att tr\u00e4ffa kollegor p\u00e5 ett mer avslappnat s\u00e4tt?<\/p>\r\n<p>Med ett urval av m\u00f6tespaket och komplett teknisk utrustning hoppas vi att du vill boka ditt n\u00e4sta m\u00f6te hos oss.<\/p>\r\n<p><img loading=\"lazy\" decoding=\"async\" title=\"Olivia Restaurant M\u00f8tepakke\" src=\"https:\/\/olivia.company\/wp-content\/uploads\/2022\/06\/or-01854-2500x1667.jpg\" alt=\"Olivia Restaurant M\u00f8tepakke. Foto.\" width=\"2500\" height=\"1667\" \/><\/p>\r\n<h2>V\u00e5rt Italien<\/h2>\r\n<p>Passionen f\u00f6r Italien \u00e4r sj\u00e4lva drivkraften i Olivia. Vi reser regelbundet f\u00f6r att l\u00e4ra, utvecklas och inspireras och vi tycker att det \u00e4r extra roligt att kunna dela v\u00e5ra erfarenheter med er, v\u00e5ra g\u00e4ster, som ocks\u00e5 har ett hj\u00e4rta f\u00f6r Italien. Genom att dela bilder och filmer fr\u00e5n v\u00e5ra resor hoppas vi att vi kan ge dig en bra upplevelse \u00e4ven utanf\u00f6r v\u00e5ra restauranger &#8211; att vi kan ge en liten bit av Italien genom v\u00e5ra \u00f6gon.<\/p>\r\n<p><img loading=\"lazy\" decoding=\"async\" src=\"https:\/\/oliviarestauranter.no\/wp-content\/uploads\/2020\/12\/Barone-Ricasoli.jpg\" alt=\"\" width=\"2048\" height=\"1365\" data-no-lazy=\"1\" \/><\/p>\r\n<!-- Overlay Wrapper --><!-- Overlay Wrapper Closed -->\r\n<p><img loading=\"lazy\" decoding=\"async\" src=\"https:\/\/oliviarestauranter.no\/wp-content\/uploads\/2020\/12\/Piemonte.jpg\" alt=\"\" width=\"2048\" height=\"1367\" data-no-lazy=\"1\" \/><\/p>\r\n<!-- Overlay Wrapper --><!-- Overlay Wrapper Closed -->\r\n<p><img loading=\"lazy\" decoding=\"async\" src=\"https:\/\/oliviarestauranter.no\/wp-content\/uploads\/2020\/12\/70268549_1315925028584581_7313992012716310528_o.jpg\" alt=\"\" width=\"1642\" height=\"2048\" data-no-lazy=\"1\" \/><\/p>\r\n<!-- Overlay Wrapper --><!-- Overlay Wrapper Closed -->\r\n<p><img loading=\"lazy\" decoding=\"async\" src=\"https:\/\/oliviarestauranter.no\/wp-content\/uploads\/2020\/12\/Bibi-Graetz.jpg\" alt=\"\" width=\"1642\" height=\"2048\" data-no-lazy=\"1\" \/><\/p>\r\n<!-- Overlay Wrapper --><!-- Overlay Wrapper Closed -->\r\n<p><img loading=\"lazy\" decoding=\"async\" src=\"https:\/\/oliviarestauranter.no\/wp-content\/uploads\/2020\/12\/DSC03534-scaled.jpg\" alt=\"\" width=\"1707\" height=\"2560\" data-no-lazy=\"1\" \/><\/p>\r\n<!-- Overlay Wrapper --><!-- Overlay Wrapper Closed -->\r\n<p><img loading=\"lazy\" decoding=\"async\" src=\"https:\/\/oliviarestauranter.no\/wp-content\/uploads\/2020\/12\/DSC04612-scaled.jpg\" alt=\"\" width=\"2560\" height=\"1707\" data-no-lazy=\"1\" \/><\/p>\r\n<!-- Overlay Wrapper --><!-- Overlay Wrapper Closed -->\r\n<p>&nbsp;<\/p>\r\n","protected":false},"excerpt":{"rendered":"<p>Vilka \u00e4r vi? olivia company &#8230;S\u00e5 n\u00e4ra Italien du kan komma \u00c5r 2006 \u00f6ppnade den f\u00f6rsta Olivia-restaurangen p\u00e5 Aker Brygge i Oslo, men v\u00e5r historia g\u00e5r ytterligare n\u00e5gra \u00e5r tillbaka i tiden&#8230; Anne Koppang, Gry Holm och Kristin Gjelseth, eller \u00abde tre damerna\u00bb som de kommit att kallas hos oss, \u00f6nskade sig en italienare i&hellip;<\/p>\n","protected":false},"author":2,"featured_media":16406,"parent":0,"menu_order":0,"comment_status":"closed","ping_status":"closed","template":"","meta":{"_acf_changed":false,"inline_featured_image":false,"footnotes":""},"class_list":["post-16788","page","type-page","status-publish","has-post-thumbnail","hentry"],"acf":[],"_links":{"self":[{"href":"https:\/\/olivia.company\/sv\/wp-json\/wp\/v2\/pages\/16788","targetHints":{"allow":["GET"]}}],"collection":[{"href":"https:\/\/olivia.company\/sv\/wp-json\/wp\/v2\/pages"}],"about":[{"href":"https:\/\/olivia.company\/sv\/wp-json\/wp\/v2\/types\/page"}],"author":[{"embeddable":true,"href":"https:\/\/olivia.company\/sv\/wp-json\/wp\/v2\/users\/2"}],"replies":[{"embeddable":true,"href":"https:\/\/olivia.company\/sv\/wp-json\/wp\/v2\/comments?post=16788"}],"version-history":[{"count":0,"href":"https:\/\/olivia.company\/sv\/wp-json\/wp\/v2\/pages\/16788\/revisions"}],"wp:featuredmedia":[{"embeddable":true,"href":"https:\/\/olivia.company\/sv\/wp-json\/wp\/v2\/media\/16406"}],"wp:attachment":[{"href":"https:\/\/olivia.company\/sv\/wp-json\/wp\/v2\/media?parent=16788"}],"curies":[{"name":"wp","href":"https:\/\/api.w.org\/{rel}","templated":true}]}}