{"id":16776,"date":"2022-06-29T10:23:50","date_gmt":"2022-06-29T08:23:50","guid":{"rendered":"https:\/\/oliviacompany.wpenginepowered.com\/betingelser\/"},"modified":"2023-09-05T19:43:45","modified_gmt":"2023-09-05T17:43:45","slug":"villkor","status":"publish","type":"page","link":"https:\/\/olivia.company\/sv\/villkor\/","title":{"rendered":"Villkor"},"content":{"rendered":"\r\n<h2>Information<\/h2>\r\n<h2>K\u00e4ra g\u00e4st<\/h2>\r\n<p>Vi ser fram emot att v\u00e4lkomna er till v\u00e5r restaurang.<\/p>\r\n<p>Sj\u00e4lvklart anpassar vi menyn till g\u00e4ster med eventuella allergier eller matpreferenser.<\/p>\r\n<p>Ta kontakt med oss p\u00e5 <a href=\"mailto:company@olivia.no\">company@olivia.no<\/a> vid fr\u00e5gor som ber\u00f6r detta eller n\u00e5got annat. Det g\u00e5r ocks\u00e5 bra att svara direkt p\u00e5 e-postmeddelandet med bokningsbekr\u00e4ftelsen.<\/p>\r\n<h2>Betalning<\/h2>\r\n<p>Vi vill g\u00f6ra er uppm\u00e4rksamma p\u00e5 att ni f\u00e5r en gemensam nota f\u00f6r middagen; vi har inte m\u00f6jlighet att ordna med delbetalning f\u00f6r st\u00f6rre grupper.<\/p>\r\n<p>Betalning via faktura \u00e4r m\u00f6jligt f\u00f6r f\u00f6retagsbokningar. F\u00f6r att g\u00f6ra detta beh\u00f6ver vi er fakturaf\u00f6rfr\u00e5gan minst tre dagar innan bes\u00f6ket &#8211; formul\u00e4ret f\u00f6r detta hittar du <strong><a href=\"https:\/\/response.questback.com\/oliviaas\/wdwi2bg7um\" target=\"_blank\" rel=\"nofollow noopener\">h\u00e4r<\/a><\/strong>. I dagsl\u00e4get kan vi tyv\u00e4rr inte fakturera utl\u00e4ndska f\u00f6retag.<\/p>\r\n<p>Om antalet g\u00e4ster \u00e4ndras vill vi att ni meddelar oss senast 48 timmar innan bes\u00f6ket. Det \u00e4r detta antal som kommer att faktureras f\u00f6r, d\u00e4rf\u00f6r \u00e4r det viktigt att ni s\u00e4ger till i god tid.<\/p>\r\n<p>Tack f\u00f6r att du tog dig tid att l\u00e4sa informationen. Varmt v\u00e4lkommen till oss p\u00e5 Olivia!<\/p>\r\n","protected":false},"excerpt":{"rendered":"<p>Information K\u00e4ra g\u00e4st Vi ser fram emot att v\u00e4lkomna er till v\u00e5r restaurang. Sj\u00e4lvklart anpassar vi menyn till g\u00e4ster med eventuella allergier eller matpreferenser. Ta kontakt med oss p\u00e5 company@olivia.no vid fr\u00e5gor som ber\u00f6r detta eller n\u00e5got annat. Det g\u00e5r ocks\u00e5 bra att svara direkt p\u00e5 e-postmeddelandet med bokningsbekr\u00e4ftelsen. Betalning Vi vill g\u00f6ra er uppm\u00e4rksamma&hellip;<\/p>\n","protected":false},"author":2,"featured_media":0,"parent":0,"menu_order":0,"comment_status":"closed","ping_status":"closed","template":"","meta":{"_acf_changed":false,"inline_featured_image":false,"footnotes":""},"class_list":["post-16776","page","type-page","status-publish","hentry"],"acf":[],"_links":{"self":[{"href":"https:\/\/olivia.company\/sv\/wp-json\/wp\/v2\/pages\/16776","targetHints":{"allow":["GET"]}}],"collection":[{"href":"https:\/\/olivia.company\/sv\/wp-json\/wp\/v2\/pages"}],"about":[{"href":"https:\/\/olivia.company\/sv\/wp-json\/wp\/v2\/types\/page"}],"author":[{"embeddable":true,"href":"https:\/\/olivia.company\/sv\/wp-json\/wp\/v2\/users\/2"}],"replies":[{"embeddable":true,"href":"https:\/\/olivia.company\/sv\/wp-json\/wp\/v2\/comments?post=16776"}],"version-history":[{"count":0,"href":"https:\/\/olivia.company\/sv\/wp-json\/wp\/v2\/pages\/16776\/revisions"}],"wp:attachment":[{"href":"https:\/\/olivia.company\/sv\/wp-json\/wp\/v2\/media?parent=16776"}],"curies":[{"name":"wp","href":"https:\/\/api.w.org\/{rel}","templated":true}]}}