{"id":16739,"date":"2023-03-01T14:57:56","date_gmt":"2023-03-01T13:57:56","guid":{"rendered":"https:\/\/oliviacompany.wpenginepowered.com\/meny\/"},"modified":"2023-08-31T17:58:13","modified_gmt":"2023-08-31T15:58:13","slug":"meny","status":"publish","type":"page","link":"https:\/\/olivia.company\/sv\/meny\/","title":{"rendered":"Meny"},"content":{"rendered":"\n<h2>\n\t\tDE B\u00c4STA SMAKERNA FR\u00c5N ITALIEN\n\t<\/h2>\n<h2>\n\t\tV\u00c5R MENY\n\t<\/h2>\n<p>Vi lagar all mat fr\u00e5n grunden i v\u00e5rt eget k\u00f6k, med kvalitetsr\u00e5varor och mycket k\u00e4rlek. Buon appetito!<\/p>\n\t<p>Insalata pollo e pancetta<\/p>\n\t<p>kyllingbryst, spr\u00f8stekt pancetta, parmesan, solt\u00f8rkede tomater, soyab\u00f8nner, syltet r\u00f8dl\u00f8k, focaccia<\/p>\n<p><i>egg, hvete, melk, soya, svoveldioksid og sulfitt<\/i><\/p>\n\t<p>45,-<\/p>\n\t<p>Giardiniera vegano<\/p>\n\t<p>tomatsaus, aubergine, squash, paprika, cherrytomater, reddik, blandet salat<\/p>\n<p><i>hvete<\/i><\/p>\n\t<p>45,-<\/p>\n\t<p><b>Insalata caprese con parma <\/b><\/p>\n\t<p>parmaskinke, mozzarella di bufala, tomater, pesto genovese, pinjekjerner, focaccia<\/p>\n<p><i>hvete, melk, pinjekjerne, svoveldioksid og sulfitt<\/i><\/p>\n\t<p>45,-<\/p>\n\t<p>Alla diavola piccante!<\/p>\n\t<p>tomatsaus, mozzarella, italiensk sterk salami, pecorino, oregano<\/p>\n<p><i>hvete, melk, sennep, svoveldioksid og sulfitt<\/i><\/p>\n\t<p>45,-<\/p>\n\t<p><b>Penne al pollo ubriaco <\/b><\/p>\n\t<p>penne, kylling, bacon, tomat, basilikum, chili, fl\u00f8te<\/p>\n<p><i>hvete, melk<\/i><\/p>\n\t<p>45,-<\/p>\n\t<p>4 formaggi vegano<\/p>\n\t<p>mozzarella, pecorino, parmesan, gorgonzola<\/p>\n<p><i>hvete, melk<\/i><\/p>\n\t<p>45,-<\/p>\n\t<p>Linguine al profumo di mare<\/p>\n\t<p>linguine, asc-sertifisert scampi, squash, chili, fl\u00f8te, sitron<\/p>\n<p><i>fisk, hvete, melk, selleri, skalldyr, svoveldioksid og sulfitt<\/i><\/p>\n\t<p>45,-<\/p>\n\n","protected":false},"excerpt":{"rendered":"<p>DE B\u00c4STA SMAKERNA FR\u00c5N ITALIEN V\u00c5R MENY Vi lagar all mat fr\u00e5n grunden i v\u00e5rt eget k\u00f6k, med kvalitetsr\u00e5varor och mycket k\u00e4rlek. Buon appetito! Insalata pollo e pancetta kyllingbryst, spr\u00f8stekt pancetta, parmesan, solt\u00f8rkede tomater, soyab\u00f8nner, syltet r\u00f8dl\u00f8k, focaccia egg, hvete, melk, soya, svoveldioksid og sulfitt 45,- Giardiniera vegano tomatsaus, aubergine, squash, paprika, cherrytomater, reddik, blandet&hellip;<\/p>\n","protected":false},"author":11,"featured_media":16502,"parent":0,"menu_order":0,"comment_status":"closed","ping_status":"closed","template":"","meta":{"_acf_changed":false,"inline_featured_image":false,"footnotes":""},"class_list":["post-16739","page","type-page","status-publish","has-post-thumbnail","hentry"],"acf":[],"_links":{"self":[{"href":"https:\/\/olivia.company\/sv\/wp-json\/wp\/v2\/pages\/16739","targetHints":{"allow":["GET"]}}],"collection":[{"href":"https:\/\/olivia.company\/sv\/wp-json\/wp\/v2\/pages"}],"about":[{"href":"https:\/\/olivia.company\/sv\/wp-json\/wp\/v2\/types\/page"}],"author":[{"embeddable":true,"href":"https:\/\/olivia.company\/sv\/wp-json\/wp\/v2\/users\/11"}],"replies":[{"embeddable":true,"href":"https:\/\/olivia.company\/sv\/wp-json\/wp\/v2\/comments?post=16739"}],"version-history":[{"count":0,"href":"https:\/\/olivia.company\/sv\/wp-json\/wp\/v2\/pages\/16739\/revisions"}],"wp:featuredmedia":[{"embeddable":true,"href":"https:\/\/olivia.company\/sv\/wp-json\/wp\/v2\/media\/16502"}],"wp:attachment":[{"href":"https:\/\/olivia.company\/sv\/wp-json\/wp\/v2\/media?parent=16739"}],"curies":[{"name":"wp","href":"https:\/\/api.w.org\/{rel}","templated":true}]}}